{"id":4211,"date":"2022-08-04T07:03:04","date_gmt":"2022-08-04T07:03:04","guid":{"rendered":"https:\/\/turismomer.com\/?post_type=product&#038;p=4211"},"modified":"2026-01-27T09:02:41","modified_gmt":"2026-01-27T09:02:41","slug":"direct-de-cusco-a-arequipa","status":"publish","type":"product","link":"https:\/\/turismomer.com\/fr\/product\/directo-cusco-a-arequipa\/","title":{"rendered":"Direct - De Cusco \u00e0 Arequipa"},"content":{"rendered":"<h2>Vue d'ensemble<\/h2>\n<p>Le voyage secret au Tonkin est con\u00e7u pour les voyageurs qui veulent toucher, go\u00fbter et sentir l'\u00e2me du nord du Vi\u00eat Nam \u00e0 travers ses points forts et ses exp\u00e9riences uniques. Plus qu'un simple tour d'horizon, le voyage secret au Tonkin marie les destinations embl\u00e9matiques et les lieux incontournables avec les coins cach\u00e9s et les exp\u00e9riences sous la peau pour d\u00e9couvrir quelques-uns des endroits c\u00e9l\u00e8bres et uniques de la r\u00e9gion d'Halong.<\/p>\n<p>Compos\u00e9 d'une douzaine d'\u00eeles dans le Discovery Passage entre l'\u00eele de Vancouver et le continent en Colombie-Britannique, nous vous emm\u00e8nerons en kayak \u00e0 travers ce groupe d'\u00eeles \u00e9loign\u00e9es et peu habit\u00e9es lors de cette excursion en kayak.<\/p>\n<p>Pagayer autour des \u00eeles est le moyen id\u00e9al de se rapprocher de la nature et d'\u00eatre compl\u00e8tement envelopp\u00e9 par la beaut\u00e9 des arbres imposants, des plages isol\u00e9es et des montagnes. D\u00e9couvrez la faune qui habite cette r\u00e9gion et les secrets de la vie intertidale riche et abondante de la Colombie-Britannique en explorant des voies navigables magiques.\u200d<\/p>\n<h4>Points forts de la visite<\/h4>\n<ul>\n<li>Laissez-vous envelopper par la beaut\u00e9 des arbres imposants, des plages isol\u00e9es et des montagnes de la nature sauvage canadienne.<\/li>\n<li>Rencontrer de pr\u00e8s la faune c\u00f4ti\u00e8re de la Colombie-Britannique : lions de mer, phoques, dauphins \u00e0 flancs blancs du Pacifique, loutres, oiseaux et certaines des plus grandes \u00e9toiles de mer du monde.<\/li>\n<li>Soyez \u00e0 l'aff\u00fbt des baleines \u00e0 bosse, qui ont fait leur r\u00e9apparition dans les \u00eeles Discovery.<\/li>\n<li>Cuisine c\u00f4ti\u00e8re \u00e9labor\u00e9e par un chef gastronomique local<\/li>\n<li>Tentes d'exp\u00e9dition de qualit\u00e9 et sacs de couchage chauds inclus dans le prix du voyage.<\/li>\n<\/ul>","protected":false},"excerpt":{"rendered":"<ul>\n<li>Il est presque impossible de lire les nouvelles sans tomber sur une histoire d'\u00e9lection par le biais de faux comptes de m\u00e9dias sociaux...<\/li>\n<\/ul>","protected":false},"featured_media":9579,"comment_status":"open","ping_status":"closed","template":"","meta":[],"product_brand":[],"product_cat":[37,43,46],"product_tag":[],"class_list":{"0":"post-4211","1":"product","2":"type-product","3":"status-publish","4":"has-post-thumbnail","6":"product_cat-mountain","7":"product_cat-sky-city","8":"product_cat-temple","10":"first","11":"instock","12":"shipping-taxable","13":"purchasable","14":"product-type-simple"},"_links":{"self":[{"href":"https:\/\/turismomer.com\/fr\/wp-json\/wp\/v2\/product\/4211","targetHints":{"allow":["GET"]}}],"collection":[{"href":"https:\/\/turismomer.com\/fr\/wp-json\/wp\/v2\/product"}],"about":[{"href":"https:\/\/turismomer.com\/fr\/wp-json\/wp\/v2\/types\/product"}],"replies":[{"embeddable":true,"href":"https:\/\/turismomer.com\/fr\/wp-json\/wp\/v2\/comments?post=4211"}],"wp:featuredmedia":[{"embeddable":true,"href":"https:\/\/turismomer.com\/fr\/wp-json\/wp\/v2\/media\/9579"}],"wp:attachment":[{"href":"https:\/\/turismomer.com\/fr\/wp-json\/wp\/v2\/media?parent=4211"}],"wp:term":[{"taxonomy":"product_brand","embeddable":true,"href":"https:\/\/turismomer.com\/fr\/wp-json\/wp\/v2\/product_brand?post=4211"},{"taxonomy":"product_cat","embeddable":true,"href":"https:\/\/turismomer.com\/fr\/wp-json\/wp\/v2\/product_cat?post=4211"},{"taxonomy":"product_tag","embeddable":true,"href":"https:\/\/turismomer.com\/fr\/wp-json\/wp\/v2\/product_tag?post=4211"}],"curies":[{"name":"wp","href":"https:\/\/api.w.org\/{rel}","templated":true}]}}