{"id":4376,"date":"2022-08-09T02:27:05","date_gmt":"2022-08-09T02:27:05","guid":{"rendered":"https:\/\/turismomer.com\/?post_type=product&#038;p=4376"},"modified":"2026-01-27T09:02:17","modified_gmt":"2026-01-27T09:02:17","slug":"puno-direto-para-arequipa","status":"publish","type":"product","link":"https:\/\/turismomer.com\/pt\/product\/directo-puno-a-arequipa\/","title":{"rendered":"Direto - Puno para Arequipa"},"content":{"rendered":"<h2>Vis\u00e3o geral<\/h2>\n<p>A viagem secreta de Tonkin foi concebida para os viajantes que querem tocar, saborear e sentir as almas do Norte do Vietname atrav\u00e9s dos seus destaques e experi\u00eancias \u00fanicas. Mais do que simples excurs\u00f5es em turbilh\u00e3o, a viagem secreta de Tonkin combina destinos emblem\u00e1ticos e locais imperd\u00edveis com os recantos escondidos e as experi\u00eancias por baixo da pele para descobrir alguns dos locais famosos e \u00fanicos da regi\u00e3o de Halong.<\/p>\n<p>Composto por uma d\u00fazia de ilhas na Discovery Passage, entre a ilha de Vancouver e o continente na Col\u00fambia Brit\u00e2nica, vamos lev\u00e1-lo a passear de caiaque por este grupo remoto de ilhas pouco habitadas nesta excurs\u00e3o de caiaque.<\/p>\n<p>Remar \u00e0 volta das ilhas \u00e9 a forma ideal de se aproximar da natureza e de se deixar envolver completamente pela beleza de \u00e1rvores imponentes, praias remotas e montanhas. Descubra a vida selvagem que habita esta regi\u00e3o e os segredos da rica e abundante vida entre-mar\u00e9s da Col\u00fambia Brit\u00e2nica, enquanto explora cursos de \u00e1gua m\u00e1gicos.<\/p>\n<h4>Destaques da viagem<\/h4>\n<ul>\n<li>Deixe-se envolver pela beleza das \u00e1rvores imponentes, das praias remotas e das montanhas da natureza selvagem canadiana<\/li>\n<li>Encontrar-se de perto com a vida selvagem costeira de BC: le\u00f5es-marinhos, focas, golfinhos-de-laterais-brancas-do-pac\u00edfico, lontras, aves e algumas das maiores estrelas-do-mar do mundo<\/li>\n<li>Esteja atento \u00e0s baleias jubarte que est\u00e3o a ressurgir nas Ilhas Discovery<\/li>\n<li>Cozinha costeira concebida por um chef gourmet local<\/li>\n<li>Tendas de expedi\u00e7\u00e3o de qualidade e sacos-cama quentes, tudo inclu\u00eddo no pre\u00e7o da viagem<\/li>\n<\/ul>","protected":false},"excerpt":{"rendered":"<ul>\n<li>Durante a visita, ser\u00e1 levado a visitar os monumentos mais preciosos da rica hist\u00f3ria da cidade<\/li>\n<\/ul>","protected":false},"featured_media":9581,"comment_status":"open","ping_status":"closed","template":"","meta":[],"product_brand":[],"product_cat":[37,46,48],"product_tag":[],"class_list":{"0":"post-4376","1":"product","2":"type-product","3":"status-publish","4":"has-post-thumbnail","6":"product_cat-mountain","7":"product_cat-temple","8":"product_cat-tower","10":"first","11":"instock","12":"shipping-taxable","13":"purchasable","14":"product-type-simple"},"_links":{"self":[{"href":"https:\/\/turismomer.com\/pt\/wp-json\/wp\/v2\/product\/4376","targetHints":{"allow":["GET"]}}],"collection":[{"href":"https:\/\/turismomer.com\/pt\/wp-json\/wp\/v2\/product"}],"about":[{"href":"https:\/\/turismomer.com\/pt\/wp-json\/wp\/v2\/types\/product"}],"replies":[{"embeddable":true,"href":"https:\/\/turismomer.com\/pt\/wp-json\/wp\/v2\/comments?post=4376"}],"wp:featuredmedia":[{"embeddable":true,"href":"https:\/\/turismomer.com\/pt\/wp-json\/wp\/v2\/media\/9581"}],"wp:attachment":[{"href":"https:\/\/turismomer.com\/pt\/wp-json\/wp\/v2\/media?parent=4376"}],"wp:term":[{"taxonomy":"product_brand","embeddable":true,"href":"https:\/\/turismomer.com\/pt\/wp-json\/wp\/v2\/product_brand?post=4376"},{"taxonomy":"product_cat","embeddable":true,"href":"https:\/\/turismomer.com\/pt\/wp-json\/wp\/v2\/product_cat?post=4376"},{"taxonomy":"product_tag","embeddable":true,"href":"https:\/\/turismomer.com\/pt\/wp-json\/wp\/v2\/product_tag?post=4376"}],"curies":[{"name":"wp","href":"https:\/\/api.w.org\/{rel}","templated":true}]}}